{"id":1379,"date":"2020-09-14T09:06:16","date_gmt":"2020-09-14T07:06:16","guid":{"rendered":"https:\/\/cn.gshydro.com\/?page_id=1379"},"modified":"2020-09-14T09:39:22","modified_gmt":"2020-09-14T07:39:22","slug":"gdpr","status":"publish","type":"page","link":"https:\/\/cn.gshydro.com\/zh\/gdpr\/","title":{"rendered":"GDPR"},"content":{"rendered":"<div data-elementor-type=\"wp-page\" data-elementor-id=\"1379\" class=\"elementor elementor-1379\" data-elementor-post-type=\"page\">\n\t\t\t\t\t\t<section class=\"elementor-section elementor-top-section elementor-element elementor-element-d66468a elementor-section-boxed elementor-section-height-default elementor-section-height-default\" data-id=\"d66468a\" data-element_type=\"section\" data-settings=\"{&quot;jet_parallax_layout_list&quot;:[{&quot;jet_parallax_layout_image&quot;:{&quot;url&quot;:&quot;&quot;,&quot;id&quot;:&quot;&quot;,&quot;size&quot;:&quot;&quot;},&quot;_id&quot;:&quot;a79b325&quot;,&quot;jet_parallax_layout_image_tablet&quot;:{&quot;url&quot;:&quot;&quot;,&quot;id&quot;:&quot;&quot;,&quot;size&quot;:&quot;&quot;},&quot;jet_parallax_layout_image_mobile&quot;:{&quot;url&quot;:&quot;&quot;,&quot;id&quot;:&quot;&quot;,&quot;size&quot;:&quot;&quot;},&quot;jet_parallax_layout_speed&quot;:{&quot;unit&quot;:&quot;%&quot;,&quot;size&quot;:50,&quot;sizes&quot;:[]},&quot;jet_parallax_layout_type&quot;:&quot;scroll&quot;,&quot;jet_parallax_layout_direction&quot;:&quot;1&quot;,&quot;jet_parallax_layout_fx_direction&quot;:null,&quot;jet_parallax_layout_z_index&quot;:&quot;&quot;,&quot;jet_parallax_layout_bg_x&quot;:50,&quot;jet_parallax_layout_bg_x_tablet&quot;:&quot;&quot;,&quot;jet_parallax_layout_bg_x_mobile&quot;:&quot;&quot;,&quot;jet_parallax_layout_bg_y&quot;:50,&quot;jet_parallax_layout_bg_y_tablet&quot;:&quot;&quot;,&quot;jet_parallax_layout_bg_y_mobile&quot;:&quot;&quot;,&quot;jet_parallax_layout_bg_size&quot;:&quot;auto&quot;,&quot;jet_parallax_layout_bg_size_tablet&quot;:&quot;&quot;,&quot;jet_parallax_layout_bg_size_mobile&quot;:&quot;&quot;,&quot;jet_parallax_layout_animation_prop&quot;:&quot;transform&quot;,&quot;jet_parallax_layout_on&quot;:[&quot;desktop&quot;,&quot;tablet&quot;]}]}\">\n\t\t\t\t\t\t<div class=\"elementor-container elementor-column-gap-default\">\n\t\t\t\t\t<div class=\"elementor-column elementor-col-100 elementor-top-column elementor-element elementor-element-864b65e\" data-id=\"864b65e\" data-element_type=\"column\">\n\t\t\t<div class=\"elementor-widget-wrap elementor-element-populated\">\n\t\t\t\t\t\t<div class=\"elementor-element elementor-element-f47affa elementor-widget elementor-widget-heading\" data-id=\"f47affa\" data-element_type=\"widget\" data-widget_type=\"heading.default\">\n\t\t\t\t<div class=\"elementor-widget-container\">\n\t\t\t\t\t<h2 class=\"elementor-heading-title elementor-size-default\">Informacjadotycz\u0105caprzetwarzania danych osobowych<br \/> przez GS-HYDRO sp\u3002\u52a8\u7269\u56ed<\/h2>\t\t\t\t<\/div>\n\t\t\t\t<\/div>\n\t\t\t\t<div class=\"elementor-element elementor-element-cc073ab elementor-widget elementor-widget-text-editor\" data-id=\"cc073ab\" data-element_type=\"widget\" data-widget_type=\"text-editor.default\">\n\t\t\t\t<div class=\"elementor-widget-container\">\n\t\t\t\t\t\t\t\t\t<p>Zgodnie z art\u3002 13 ust\u3002 1\u62112Rozporz\u0105dzeniaParlamentu Europejskiego i Rady\uff08UE\uff092016\/679 z dnia 27 kwietnia 2016 r\u3002 w\u5c65\u5386ochronyos\u00f3bfizycznych wzwi\u0105zkuz przetwarzaniem danych osobowych iw sprawie swobodnegoprzep\u0142ywutakich danych\uff08dalej\uff1aRODO\uff09\u4fe1\u606fPani\u0105\/ Pana\uff0ci\u017c\uff1a<\/p>\t\t\t\t\t\t\t\t<\/div>\n\t\t\t\t<\/div>\n\t\t\t\t<div class=\"elementor-element elementor-element-a3ef2c3 elementor-widget elementor-widget-text-editor\" data-id=\"a3ef2c3\" data-element_type=\"widget\" data-widget_type=\"text-editor.default\">\n\t\t\t\t<div class=\"elementor-widget-container\">\n\t\t\t\t\t\t\t\t\t<p><strong>1)\u00a0<\/strong>\u00a0\u00a0 Administratorem Pani \/ Pana danych osobowych\u5f00\u73a9\u7b11GS-HYDRO sp\u3002 z oo zsiedzib\u0105w Gdyni [81-185] pr\u3002ul\u3002 Go\u0142\u0119biej11;<\/p><p><strong>2)\u00a0<\/strong>\u00a0\u00a0 Pani \/ Pana dane osobowe przetwarzaneb\u0119d\u0105w celu realizacji zPani\u0105\/ Panem kontaktu\uff0cwykonania umowy lubwype\u0142nieniaobowi\u0105zkuprawnegoci\u0105\u017c\u0105cegonaadministratorzezedn\u00e1z\u00e1reRealzac\u00f3w\u00f3w\u00f3w\u00f3z\u00f3w\u00f3z\u00f3w\u00f3z\u00f3w\u00f3z\u00f3w\u00e1z\u00e1z\u00edn\u00e1z\u00f3p\u00e1z\u00f3nany\u00e1 6 ust\u3002 1\u706fb\uff0cc lub f\u3002 RODO\uff0caw przypadku przetwarzania\u4e39\u59ae\u514b\u00b7\u7eb3\u00b7\u6ce2\u5fb7\u65af\u5854\u7ef4udzielonej zgody \u2013\u585e\u62c9\u5947\u00b7wskazanych\u548ctej zgodzie\uff0c\u7eb3\u00b7\u6ce2\u65af\u5854\u7ef4\u827a\u672f\u3002 6 ust\u3002 1\u706fRODO\uff1b<\/p><p><strong>3)<\/strong>\u00a0\u00a0\u00a0 odanirc\u0105Pani \/ Pana danych osobowychb\u0119d\u0105podmioty trzeciewy\u0142\u0105czniew zakresieniezb\u0119dnymdo realizacji cel pr przetwarzania;<\/p><p><strong>4)\u00a0<\/strong>\u00a0\u00a0 Pani \/ Pana dane osoboweb\u0119d\u0105przechowywane przez okres nied\u0142u\u017cszyni\u017cjest toniezb\u0119dnedo realizacjicel\u00f3w\uff0cdlakt\u00f3rychje zgromadzono\uff0cchyba\u017ceobowi\u0105jjow\u017cjpraowowjpraowowk\u00e1wcejadaceprzesysy<\/p><p><strong>5)<\/strong>\u00a0\u00a0\u00a0 Podanie przezPani\u0105\/ Pana danych osobowych mo byeby\u0107warunkiem ustawowymb\u0105d\u017aumownym lub warunkiem zawarcia umowy \u2013 wzale\u017cno\u015bciod kategorii danych i celu przetwarzania\u3002 Konsekwencj\u0105niepodania danych osobowychb\u0119dzieniemo\u017cno\u015b\u0107zrealizowania danego celu przetwarzania\uff0cnp\u3002 zawarcia umowy;<\/p><p><strong>6)\u00a0<\/strong>\u00a0\u00a0 Pani \/ Pana dane osobowe nieb\u0119d\u0105przekazywane dopa\u0144stwatrzeciego \/ organizacjimi\u0119dzynarodowej;<\/p><p><strong>7)<\/strong>\u00a0\u00a0\u00a0 \u5e15\u5c3c\uff08Pani\uff09\/\u5e15\u5a1c\uff08Pana\uff09\/\u4e39\u59ae\uff08Pana\uff09\u4e39\u59ae\uff08dane nieb\u0119d\u0105\uff09przetwarzane wspos\u00f3bzautomatyzowany w tymr\u00f3wnie\u017cw Formie profilowania<\/p><p><strong>8)<\/strong>\u00a0\u00a0\u00a0 posiada\u805a\u82ef\u80fa\/\u6f58prawodost\u0119pu\u505atre\u015bciswoich danych oraz prawo ICH sprostowania\uff0cusuni\u0119cia\uff0cograniczenia przetwarzania\uff0cprawo\u505aprzenoszenia danych\uff0cprawo wniesienia sprzeciwu\uff0cAW przypadku udzielenia zgody\u5450przetwarzanie\uff1aprawo\u505acofni\u0119ciazgodyW\u00af\u00afdowolnym momencie BEZwp\u0142ywu\u5450zgodno\u015b\u0107\u017eprawem przetwarzania \uff0ckt\u00f3regodokonano na podstawie zgody przed jejcofni\u0119ciem;<\/p><p><strong>9)<\/strong>\u00a0\u00a0\u00a0 wszelkie\u017c\u0105daniaczyte\u017czastrze\u017ceniaco do przetwarzania danychmo\u017cnazg\u0142asza\u0107Administratorowi zapomoc\u0105poczty tradycyjnej na adres\uff1aul\u3002 Go\u0142\u0119bia11\uff0c81-185 Gdynia\uff0club zapo\u015brednictwempoczty elektronicznej na adres\uff1a\u2026\u2026\u2026\u2026\u2026\u2026..<\/p><p><strong>10)<\/strong> w przypadku ewidentnie nieuzasadnionych lub nadmiernych\u017c\u0105da\u0144realizacjiuprawnie\u0144osoby\uff0ckt\u00f3rejdanedotycz\u0105\uff0cwszczeg\u00f3lno\u015bcizewzgl\u0119duna ustawicznyalakwiz\u00e1z\u00e1z\u00f3z\u00f3z\u00f3z\u00f3z\u00f3z\u00f3z\u00f3z\u00f3z\u00f3z\u00f3z\u00f3z\u00f3z\u00f3z\u00f3z\u00f3z\u00f3z\u00f3z\u00e1z\u00e1<\/p><p><strong>11)<\/strong> \u9a6c\u805a\u82ef\u80fa\/\u6f58prawo wniesienia skargi\u505aG\u0142\u00f3wnegoInspektora Ochrony Danych Osobowych\uff0c\u4e00 - \u5b9d\u4e2d\u79d1\u6377\u9ad8powo\u0142aniu - \u505aPrezesaUrz\u0119duOchrony Danych Osobowych\uff0cGDY uzna\u805a\u82ef\u80fa\/\u6f58\uff0cIZ przetwarzanie danych osobowych\u805a\u82ef\u80fa\/\u5e15\u7eb3dotycz\u0105cychnaruszaobowi\u0105zuj\u0105ceprzepisydotycz\u0105ceochrony danych osobowych\uff0cW szczeg\u00f3lno\u015bciprzepisy RODO\u3002<\/p><p><strong>W kwestiachzwi\u0105zanychzochron\u0105danych osobowych prosimy o kontakt z naszym Administratorem \u2013\u00a0<a href=\"mailto:ado@gshydro.com\">ado@gshydro.com<\/a><\/strong><\/p>\t\t\t\t\t\t\t\t<\/div>\n\t\t\t\t<\/div>\n\t\t\t\t<div class=\"elementor-element elementor-element-a773490 elementor-widget elementor-widget-heading\" data-id=\"a773490\" data-element_type=\"widget\" data-widget_type=\"heading.default\">\n\t\t\t\t<div class=\"elementor-widget-container\">\n\t\t\t\t\t<h2 class=\"elementor-heading-title elementor-size-default\">Pliki do pobrania\uff1a<\/h2>\t\t\t\t<\/div>\n\t\t\t\t<\/div>\n\t\t\t\t<div class=\"elementor-element elementor-element-3c91b1b elementor-icon-list--layout-traditional elementor-list-item-link-full_width elementor-widget elementor-widget-icon-list\" data-id=\"3c91b1b\" data-element_type=\"widget\" data-widget_type=\"icon-list.default\">\n\t\t\t\t<div class=\"elementor-widget-container\">\n\t\t\t\t\t\t\t<ul class=\"elementor-icon-list-items\">\n\t\t\t\t\t\t\t<li class=\"elementor-icon-list-item\">\n\t\t\t\t\t\t\t\t\t\t\t<a href=\"https:\/\/cn.gshydro.com\/wp-content\/uploads\/2020\/09\/2018_05_umowa_powierzenia_przetwarzania_danych_gs-hydro_en.docx\">\n\n\t\t\t\t\t\t\t\t\t\t\t\t<span class=\"elementor-icon-list-icon\">\n\t\t\t\t\t\t\t<i aria-hidden=\"true\" class=\"far fa-arrow-alt-circle-down\"><\/i>\t\t\t\t\t\t<\/span>\n\t\t\t\t\t\t\t\t\t\t<span class=\"elementor-icon-list-text\">Umowa powierzenia przetworzenia danych osobowych gs-hydro en.docx<\/span>\n\t\t\t\t\t\t\t\t\t\t\t<\/a>\n\t\t\t\t\t\t\t\t\t<\/li>\n\t\t\t\t\t\t\t\t<li class=\"elementor-icon-list-item\">\n\t\t\t\t\t\t\t\t\t\t\t<a href=\"https:\/\/cn.gshydro.com\/wp-content\/uploads\/2020\/09\/2018_05_umowa_powierzenia_przetwarzania_danych_gs-hydro.docx\">\n\n\t\t\t\t\t\t\t\t\t\t\t\t<span class=\"elementor-icon-list-icon\">\n\t\t\t\t\t\t\t<i aria-hidden=\"true\" class=\"far fa-arrow-alt-circle-down\"><\/i>\t\t\t\t\t\t<\/span>\n\t\t\t\t\t\t\t\t\t\t<span class=\"elementor-icon-list-text\">Umowa powierzenia przetworzenia danych osobowych gs-hydro.docx<\/span>\n\t\t\t\t\t\t\t\t\t\t\t<\/a>\n\t\t\t\t\t\t\t\t\t<\/li>\n\t\t\t\t\t\t\t\t<li class=\"elementor-icon-list-item\">\n\t\t\t\t\t\t\t\t\t\t\t<a href=\"https:\/\/cn.gshydro.com\/wp-content\/uploads\/2020\/09\/2018_05_informacja_dotyczaca_przetwarzania_danych_osobowych_gs-hydro_en.docx\">\n\n\t\t\t\t\t\t\t\t\t\t\t\t<span class=\"elementor-icon-list-icon\">\n\t\t\t\t\t\t\t<i aria-hidden=\"true\" class=\"far fa-arrow-alt-circle-down\"><\/i>\t\t\t\t\t\t<\/span>\n\t\t\t\t\t\t\t\t\t\t<span class=\"elementor-icon-list-text\">Informacjadotycz\u0105caprzetwarzania danych osobowych gs-hydro en.docx<\/span>\n\t\t\t\t\t\t\t\t\t\t\t<\/a>\n\t\t\t\t\t\t\t\t\t<\/li>\n\t\t\t\t\t\t\t\t<li class=\"elementor-icon-list-item\">\n\t\t\t\t\t\t\t\t\t\t\t<a href=\"https:\/\/cn.gshydro.com\/wp-content\/uploads\/2020\/09\/2018_05_informacja_dotyczaca_przetwarzania_danych_osobowych_gs-hydro.docx\">\n\n\t\t\t\t\t\t\t\t\t\t\t\t<span class=\"elementor-icon-list-icon\">\n\t\t\t\t\t\t\t<i aria-hidden=\"true\" class=\"far fa-arrow-alt-circle-down\"><\/i>\t\t\t\t\t\t<\/span>\n\t\t\t\t\t\t\t\t\t\t<span class=\"elementor-icon-list-text\">Informacjadotycz\u0105caprzetwarzania danych osobowych gs-hydro.docx<\/span>\n\t\t\t\t\t\t\t\t\t\t\t<\/a>\n\t\t\t\t\t\t\t\t\t<\/li>\n\t\t\t\t\t\t<\/ul>\n\t\t\t\t\t\t<\/div>\n\t\t\t\t<\/div>\n\t\t\t\t\t<\/div>\n\t\t<\/div>\n\t\t\t\t\t<\/div>\n\t\t<\/section>\n\t\t\t\t<\/div>","protected":false},"excerpt":{"rendered":"<p>Informacjadotycz\u0105caprzetwarzania dannych osobowych przez GS-HYDRO sp\u3002 Z oo Zgodnie z art\u3002 13 ust\u3002 1\u62112Rozporz\u0105dzeniaParlamentu Europejskiego i Rady\uff08UE\uff092016\/679 z dnia 27 kwietnia 2016 r\u3002 w sprawie ochronyos\u00f3bfizycznych wzwi\u0105zkuz przetwarzaniem danych osobowych iw sprawie swobodnegoprzep\u0142ywutakich danych\uff08dalej\uff1aRODO\uff09\u4fe1\u606fPani\u0105\/ Pana\uff0ci\u017c\uff1a1\uff09[\u2026] [\u2026]<\/p>","protected":false},"author":3,"featured_media":0,"parent":0,"menu_order":0,"comment_status":"closed","ping_status":"closed","template":"","meta":{"footnotes":""},"class_list":["post-1379","page","type-page","status-publish","hentry","entry","owp-thumbs-layout-horizontal","owp-btn-normal","owp-tabs-layout-horizontal","has-no-thumbnails","has-product-nav"],"aioseo_notices":[],"_links":{"self":[{"href":"https:\/\/cn.gshydro.com\/zh\/wp-json\/wp\/v2\/pages\/1379","targetHints":{"allow":["GET"]}}],"collection":[{"href":"https:\/\/cn.gshydro.com\/zh\/wp-json\/wp\/v2\/pages"}],"about":[{"href":"https:\/\/cn.gshydro.com\/zh\/wp-json\/wp\/v2\/types\/page"}],"author":[{"embeddable":true,"href":"https:\/\/cn.gshydro.com\/zh\/wp-json\/wp\/v2\/users\/3"}],"replies":[{"embeddable":true,"href":"https:\/\/cn.gshydro.com\/zh\/wp-json\/wp\/v2\/comments?post=1379"}],"version-history":[{"count":0,"href":"https:\/\/cn.gshydro.com\/zh\/wp-json\/wp\/v2\/pages\/1379\/revisions"}],"wp:attachment":[{"href":"https:\/\/cn.gshydro.com\/zh\/wp-json\/wp\/v2\/media?parent=1379"}],"curies":[{"name":"wp","href":"https:\/\/api.w.org\/{rel}","templated":true}]}}